{"id":7516,"date":"2025-06-28T19:58:14","date_gmt":"2025-06-28T17:58:14","guid":{"rendered":"https:\/\/luciano-tango.es\/?post_type=product&#038;p=7516"},"modified":"2025-06-28T20:16:13","modified_gmt":"2025-06-28T18:16:13","slug":"madame-ivonne","status":"publish","type":"product","link":"https:\/\/luciano-tango.es\/?product=madame-ivonne","title":{"rendered":"Madame Ivonne"},"content":{"rendered":"<div class=\"elementor-element elementor-element-51fc861e elementor-widget elementor-widget-woocommerce-product-short-description\" data-id=\"51fc861e\" data-element_type=\"widget\" data-widget_type=\"woocommerce-product-short-description.default\">\n<div class=\"elementor-widget-container\">\n<div class=\"woocommerce-product-details__short-description\">\n<p>Los\u00a0<strong>zapatos Madame Ivonne<\/strong>\u00a0tienen un estilo eterno que se inspira de la elegancia de los a\u00f1os 20. Su tira frontal asegura una sujeci\u00f3n \u00f3ptima para todas las bailarinas, particularmente las que tienen los\u00a0<strong>pies finos<\/strong>. Madame Ivonne, lleva el nombre de uno de los m\u00edticos tangos inmortalizados por el maestro argentino del tango canci\u00f3n Carlos Gardel, con poes\u00eda del gran Enrique Cad\u00edcamo y m\u00fasica de Eduardo Pereyra, de 1933. Narra la historia de amor de una de las mujeres del tango, Madmoiselle Ivonne, entre dos continentes.<\/p>\n<\/div>\n<\/div>\n<\/div>\n<div class=\"elementor-element elementor-element-3c5d815a e-add-to-cart--show-quantity-yes elementor-widget elementor-widget-woocommerce-product-add-to-cart\" data-id=\"3c5d815a\" data-element_type=\"widget\" data-widget_type=\"woocommerce-product-add-to-cart.default\">\n<div class=\"elementor-widget-container\">\n<div class=\"elementor-add-to-cart elementor-product-simple\"><\/div>\n<\/div>\n<\/div>\n","protected":false},"excerpt":{"rendered":"<p>Los\u00a0zapatos Madame Ivonne\u00a0tienen un estilo eterno que se inspira de la elegancia de los a\u00f1os 20. Su tira frontal asegura una sujeci\u00f3n \u00f3ptima para todas las bailarinas, particularmente las que tienen los\u00a0pies finos. Madame Ivonne, lleva el nombre de uno de los m\u00edticos tangos inmortalizados por el maestro argentino del tango canci\u00f3n Carlos Gardel, con [&hellip;]<\/p>\n","protected":false},"featured_media":7517,"template":"","meta":{"_acf_changed":false},"product_brand":[],"product_cat":[167],"product_tag":[],"class_list":{"0":"post-7516","1":"product","2":"type-product","3":"status-publish","4":"has-post-thumbnail","6":"product_cat-167","8":"first","9":"instock","10":"taxable","11":"shipping-taxable","12":"purchasable","13":"product-type-simple"},"acf":[],"yoast_head":"<!-- This site is optimized with the Yoast SEO plugin v27.5 - https:\/\/yoast.com\/product\/yoast-seo-wordpress\/ -->\n<title>Madame Ivonne - Luciano Tango | Clase de Tango en Valencia<\/title>\n<meta name=\"robots\" content=\"index, follow, max-snippet:-1, max-image-preview:large, max-video-preview:-1\" \/>\n<link rel=\"canonical\" href=\"https:\/\/luciano-tango.es\/?product=madame-ivonne\" \/>\n<meta property=\"og:locale\" content=\"es_ES\" \/>\n<meta property=\"og:type\" content=\"article\" \/>\n<meta property=\"og:title\" content=\"Madame Ivonne - Luciano Tango | Clase de Tango en Valencia\" \/>\n<meta property=\"og:description\" content=\"Los\u00a0zapatos Madame Ivonne\u00a0tienen un estilo eterno que se inspira de la elegancia de los a\u00f1os 20. Su tira frontal asegura una sujeci\u00f3n \u00f3ptima para todas las bailarinas, particularmente las que tienen los\u00a0pies finos. Madame Ivonne, lleva el nombre de uno de los m\u00edticos tangos inmortalizados por el maestro argentino del tango canci\u00f3n Carlos Gardel, con [&hellip;]\" \/>\n<meta property=\"og:url\" content=\"https:\/\/luciano-tango.es\/?product=madame-ivonne\" \/>\n<meta property=\"og:site_name\" content=\"Luciano Tango | Clase de Tango en Valencia\" \/>\n<meta property=\"article:publisher\" content=\"https:\/\/www.facebook.com\/lucianotangovalencia\" \/>\n<meta property=\"article:modified_time\" content=\"2025-06-28T18:16:13+00:00\" \/>\n<meta property=\"og:image\" content=\"https:\/\/luciano-tango.es\/wp-content\/uploads\/2025\/06\/zapatos-tango-mujer-beige.png\" \/>\n\t<meta property=\"og:image:width\" content=\"600\" \/>\n\t<meta property=\"og:image:height\" content=\"450\" \/>\n\t<meta property=\"og:image:type\" content=\"image\/png\" \/>\n<meta name=\"twitter:card\" content=\"summary_large_image\" \/>\n<meta name=\"twitter:label1\" content=\"Tiempo de lectura\" \/>\n\t<meta name=\"twitter:data1\" content=\"1 minuto\" \/>\n<script type=\"application\/ld+json\" class=\"yoast-schema-graph\">{\"@context\":\"https:\\\/\\\/schema.org\",\"@graph\":[{\"@type\":\"WebPage\",\"@id\":\"https:\\\/\\\/luciano-tango.es\\\/?product=madame-ivonne\",\"url\":\"https:\\\/\\\/luciano-tango.es\\\/?product=madame-ivonne\",\"name\":\"Madame Ivonne - Luciano Tango | Clase de Tango en Valencia\",\"isPartOf\":{\"@id\":\"https:\\\/\\\/luciano-tango.es\\\/#website\"},\"primaryImageOfPage\":{\"@id\":\"https:\\\/\\\/luciano-tango.es\\\/?product=madame-ivonne#primaryimage\"},\"image\":{\"@id\":\"https:\\\/\\\/luciano-tango.es\\\/?product=madame-ivonne#primaryimage\"},\"thumbnailUrl\":\"https:\\\/\\\/luciano-tango.es\\\/wp-content\\\/uploads\\\/2025\\\/06\\\/zapatos-tango-mujer-beige.png\",\"datePublished\":\"2025-06-28T17:58:14+00:00\",\"dateModified\":\"2025-06-28T18:16:13+00:00\",\"breadcrumb\":{\"@id\":\"https:\\\/\\\/luciano-tango.es\\\/?product=madame-ivonne#breadcrumb\"},\"inLanguage\":\"es\",\"potentialAction\":[{\"@type\":\"ReadAction\",\"target\":[\"https:\\\/\\\/luciano-tango.es\\\/?product=madame-ivonne\"]}]},{\"@type\":\"ImageObject\",\"inLanguage\":\"es\",\"@id\":\"https:\\\/\\\/luciano-tango.es\\\/?product=madame-ivonne#primaryimage\",\"url\":\"https:\\\/\\\/luciano-tango.es\\\/wp-content\\\/uploads\\\/2025\\\/06\\\/zapatos-tango-mujer-beige.png\",\"contentUrl\":\"https:\\\/\\\/luciano-tango.es\\\/wp-content\\\/uploads\\\/2025\\\/06\\\/zapatos-tango-mujer-beige.png\",\"width\":600,\"height\":450},{\"@type\":\"BreadcrumbList\",\"@id\":\"https:\\\/\\\/luciano-tango.es\\\/?product=madame-ivonne#breadcrumb\",\"itemListElement\":[{\"@type\":\"ListItem\",\"position\":1,\"name\":\"Home\",\"item\":\"https:\\\/\\\/luciano-tango.es\\\/\"},{\"@type\":\"ListItem\",\"position\":2,\"name\":\"Tienda\",\"item\":\"https:\\\/\\\/luciano-tango.es\\\/?page_id=7481\"},{\"@type\":\"ListItem\",\"position\":3,\"name\":\"Madame Ivonne\"}]},{\"@type\":\"WebSite\",\"@id\":\"https:\\\/\\\/luciano-tango.es\\\/#website\",\"url\":\"https:\\\/\\\/luciano-tango.es\\\/\",\"name\":\"Luciano Tango Valencia\",\"description\":\"\",\"publisher\":{\"@id\":\"https:\\\/\\\/luciano-tango.es\\\/#organization\"},\"potentialAction\":[{\"@type\":\"SearchAction\",\"target\":{\"@type\":\"EntryPoint\",\"urlTemplate\":\"https:\\\/\\\/luciano-tango.es\\\/?s={search_term_string}\"},\"query-input\":{\"@type\":\"PropertyValueSpecification\",\"valueRequired\":true,\"valueName\":\"search_term_string\"}}],\"inLanguage\":\"es\"},{\"@type\":\"Organization\",\"@id\":\"https:\\\/\\\/luciano-tango.es\\\/#organization\",\"name\":\"Luciano Tango\",\"url\":\"https:\\\/\\\/luciano-tango.es\\\/\",\"logo\":{\"@type\":\"ImageObject\",\"inLanguage\":\"es\",\"@id\":\"https:\\\/\\\/luciano-tango.es\\\/#\\\/schema\\\/logo\\\/image\\\/\",\"url\":\"https:\\\/\\\/luciano-tango.es\\\/wp-content\\\/uploads\\\/2018\\\/03\\\/logo-luciano-tango.jpg\",\"contentUrl\":\"https:\\\/\\\/luciano-tango.es\\\/wp-content\\\/uploads\\\/2018\\\/03\\\/logo-luciano-tango.jpg\",\"width\":150,\"height\":45,\"caption\":\"Luciano Tango\"},\"image\":{\"@id\":\"https:\\\/\\\/luciano-tango.es\\\/#\\\/schema\\\/logo\\\/image\\\/\"},\"sameAs\":[\"https:\\\/\\\/www.facebook.com\\\/lucianotangovalencia\"]}]}<\/script>\n<!-- \/ Yoast SEO plugin. -->","yoast_head_json":{"title":"Madame Ivonne - Luciano Tango | Clase de Tango en Valencia","robots":{"index":"index","follow":"follow","max-snippet":"max-snippet:-1","max-image-preview":"max-image-preview:large","max-video-preview":"max-video-preview:-1"},"canonical":"https:\/\/luciano-tango.es\/?product=madame-ivonne","og_locale":"es_ES","og_type":"article","og_title":"Madame Ivonne - Luciano Tango | Clase de Tango en Valencia","og_description":"Los\u00a0zapatos Madame Ivonne\u00a0tienen un estilo eterno que se inspira de la elegancia de los a\u00f1os 20. Su tira frontal asegura una sujeci\u00f3n \u00f3ptima para todas las bailarinas, particularmente las que tienen los\u00a0pies finos. Madame Ivonne, lleva el nombre de uno de los m\u00edticos tangos inmortalizados por el maestro argentino del tango canci\u00f3n Carlos Gardel, con [&hellip;]","og_url":"https:\/\/luciano-tango.es\/?product=madame-ivonne","og_site_name":"Luciano Tango | Clase de Tango en Valencia","article_publisher":"https:\/\/www.facebook.com\/lucianotangovalencia","article_modified_time":"2025-06-28T18:16:13+00:00","og_image":[{"width":600,"height":450,"url":"https:\/\/luciano-tango.es\/wp-content\/uploads\/2025\/06\/zapatos-tango-mujer-beige.png","type":"image\/png"}],"twitter_card":"summary_large_image","twitter_misc":{"Tiempo de lectura":"1 minuto"},"schema":{"@context":"https:\/\/schema.org","@graph":[{"@type":"WebPage","@id":"https:\/\/luciano-tango.es\/?product=madame-ivonne","url":"https:\/\/luciano-tango.es\/?product=madame-ivonne","name":"Madame Ivonne - Luciano Tango | Clase de Tango en Valencia","isPartOf":{"@id":"https:\/\/luciano-tango.es\/#website"},"primaryImageOfPage":{"@id":"https:\/\/luciano-tango.es\/?product=madame-ivonne#primaryimage"},"image":{"@id":"https:\/\/luciano-tango.es\/?product=madame-ivonne#primaryimage"},"thumbnailUrl":"https:\/\/luciano-tango.es\/wp-content\/uploads\/2025\/06\/zapatos-tango-mujer-beige.png","datePublished":"2025-06-28T17:58:14+00:00","dateModified":"2025-06-28T18:16:13+00:00","breadcrumb":{"@id":"https:\/\/luciano-tango.es\/?product=madame-ivonne#breadcrumb"},"inLanguage":"es","potentialAction":[{"@type":"ReadAction","target":["https:\/\/luciano-tango.es\/?product=madame-ivonne"]}]},{"@type":"ImageObject","inLanguage":"es","@id":"https:\/\/luciano-tango.es\/?product=madame-ivonne#primaryimage","url":"https:\/\/luciano-tango.es\/wp-content\/uploads\/2025\/06\/zapatos-tango-mujer-beige.png","contentUrl":"https:\/\/luciano-tango.es\/wp-content\/uploads\/2025\/06\/zapatos-tango-mujer-beige.png","width":600,"height":450},{"@type":"BreadcrumbList","@id":"https:\/\/luciano-tango.es\/?product=madame-ivonne#breadcrumb","itemListElement":[{"@type":"ListItem","position":1,"name":"Home","item":"https:\/\/luciano-tango.es\/"},{"@type":"ListItem","position":2,"name":"Tienda","item":"https:\/\/luciano-tango.es\/?page_id=7481"},{"@type":"ListItem","position":3,"name":"Madame Ivonne"}]},{"@type":"WebSite","@id":"https:\/\/luciano-tango.es\/#website","url":"https:\/\/luciano-tango.es\/","name":"Luciano Tango Valencia","description":"","publisher":{"@id":"https:\/\/luciano-tango.es\/#organization"},"potentialAction":[{"@type":"SearchAction","target":{"@type":"EntryPoint","urlTemplate":"https:\/\/luciano-tango.es\/?s={search_term_string}"},"query-input":{"@type":"PropertyValueSpecification","valueRequired":true,"valueName":"search_term_string"}}],"inLanguage":"es"},{"@type":"Organization","@id":"https:\/\/luciano-tango.es\/#organization","name":"Luciano Tango","url":"https:\/\/luciano-tango.es\/","logo":{"@type":"ImageObject","inLanguage":"es","@id":"https:\/\/luciano-tango.es\/#\/schema\/logo\/image\/","url":"https:\/\/luciano-tango.es\/wp-content\/uploads\/2018\/03\/logo-luciano-tango.jpg","contentUrl":"https:\/\/luciano-tango.es\/wp-content\/uploads\/2018\/03\/logo-luciano-tango.jpg","width":150,"height":45,"caption":"Luciano Tango"},"image":{"@id":"https:\/\/luciano-tango.es\/#\/schema\/logo\/image\/"},"sameAs":["https:\/\/www.facebook.com\/lucianotangovalencia"]}]}},"_links":{"self":[{"href":"https:\/\/luciano-tango.es\/index.php?rest_route=\/wp\/v2\/product\/7516","targetHints":{"allow":["GET"]}}],"collection":[{"href":"https:\/\/luciano-tango.es\/index.php?rest_route=\/wp\/v2\/product"}],"about":[{"href":"https:\/\/luciano-tango.es\/index.php?rest_route=\/wp\/v2\/types\/product"}],"wp:featuredmedia":[{"embeddable":true,"href":"https:\/\/luciano-tango.es\/index.php?rest_route=\/wp\/v2\/media\/7517"}],"wp:attachment":[{"href":"https:\/\/luciano-tango.es\/index.php?rest_route=%2Fwp%2Fv2%2Fmedia&parent=7516"}],"wp:term":[{"taxonomy":"product_brand","embeddable":true,"href":"https:\/\/luciano-tango.es\/index.php?rest_route=%2Fwp%2Fv2%2Fproduct_brand&post=7516"},{"taxonomy":"product_cat","embeddable":true,"href":"https:\/\/luciano-tango.es\/index.php?rest_route=%2Fwp%2Fv2%2Fproduct_cat&post=7516"},{"taxonomy":"product_tag","embeddable":true,"href":"https:\/\/luciano-tango.es\/index.php?rest_route=%2Fwp%2Fv2%2Fproduct_tag&post=7516"}],"curies":[{"name":"wp","href":"https:\/\/api.w.org\/{rel}","templated":true}]}}